{"id":2669,"date":"2024-04-01T21:29:56","date_gmt":"2024-04-01T21:29:56","guid":{"rendered":"https:\/\/meze.ee\/cart\/"},"modified":"2024-12-02T11:07:18","modified_gmt":"2024-12-02T11:07:18","slug":"cart","status":"publish","type":"page","link":"https:\/\/meze.ee\/en\/cart\/","title":{"rendered":"Ostukorv"},"content":{"rendered":"<div data-elementor-type=\"wp-page\" data-elementor-id=\"2669\" class=\"elementor elementor-2669\" data-elementor-settings=\"{&quot;element_pack_global_tooltip_width&quot;:{&quot;unit&quot;:&quot;px&quot;,&quot;size&quot;:&quot;&quot;,&quot;sizes&quot;:[]},&quot;element_pack_global_tooltip_width_tablet&quot;:{&quot;unit&quot;:&quot;px&quot;,&quot;size&quot;:&quot;&quot;,&quot;sizes&quot;:[]},&quot;element_pack_global_tooltip_width_mobile&quot;:{&quot;unit&quot;:&quot;px&quot;,&quot;size&quot;:&quot;&quot;,&quot;sizes&quot;:[]},&quot;element_pack_global_tooltip_padding&quot;:{&quot;unit&quot;:&quot;px&quot;,&quot;top&quot;:&quot;&quot;,&quot;right&quot;:&quot;&quot;,&quot;bottom&quot;:&quot;&quot;,&quot;left&quot;:&quot;&quot;,&quot;isLinked&quot;:true},&quot;element_pack_global_tooltip_padding_tablet&quot;:{&quot;unit&quot;:&quot;px&quot;,&quot;top&quot;:&quot;&quot;,&quot;right&quot;:&quot;&quot;,&quot;bottom&quot;:&quot;&quot;,&quot;left&quot;:&quot;&quot;,&quot;isLinked&quot;:true},&quot;element_pack_global_tooltip_padding_mobile&quot;:{&quot;unit&quot;:&quot;px&quot;,&quot;top&quot;:&quot;&quot;,&quot;right&quot;:&quot;&quot;,&quot;bottom&quot;:&quot;&quot;,&quot;left&quot;:&quot;&quot;,&quot;isLinked&quot;:true},&quot;element_pack_global_tooltip_border_radius&quot;:{&quot;unit&quot;:&quot;px&quot;,&quot;top&quot;:&quot;&quot;,&quot;right&quot;:&quot;&quot;,&quot;bottom&quot;:&quot;&quot;,&quot;left&quot;:&quot;&quot;,&quot;isLinked&quot;:true},&quot;element_pack_global_tooltip_border_radius_tablet&quot;:{&quot;unit&quot;:&quot;px&quot;,&quot;top&quot;:&quot;&quot;,&quot;right&quot;:&quot;&quot;,&quot;bottom&quot;:&quot;&quot;,&quot;left&quot;:&quot;&quot;,&quot;isLinked&quot;:true},&quot;element_pack_global_tooltip_border_radius_mobile&quot;:{&quot;unit&quot;:&quot;px&quot;,&quot;top&quot;:&quot;&quot;,&quot;right&quot;:&quot;&quot;,&quot;bottom&quot;:&quot;&quot;,&quot;left&quot;:&quot;&quot;,&quot;isLinked&quot;:true}}\" data-elementor-post-type=\"page\">\n\t\t\t\t<div class=\"elementor-element elementor-element-f47d41a e-flex e-con-boxed e-con e-parent\" data-id=\"f47d41a\" data-element_type=\"container\">\n\t\t\t\t\t<div class=\"e-con-inner\">\n\t\t\t\t\t<\/div>\n\t\t\t\t<\/div>\n\t\t\t\t<\/div>","protected":false},"excerpt":{"rendered":"<p>Remove item Thumbnail image Product Price Quantity Subtotal &times; T\u0161urt\u0161hela 1,00&euro; T\u0161urt\u0161hela quantity 1,00&euro; Ostukorvi Summa Subtotal 1,00&euro; Total 1,00&euro; Maksma<\/p>","protected":false},"author":2,"featured_media":0,"parent":0,"menu_order":0,"comment_status":"closed","ping_status":"closed","template":"","meta":{"footnotes":""},"class_list":["post-2669","page","type-page","status-publish","hentry"],"yoast_head":"<!-- This site is optimized with the Yoast SEO plugin v24.0 - https:\/\/yoast.com\/wordpress\/plugins\/seo\/ -->\n<title>Ostukorv | Meze<\/title>\n<meta name=\"robots\" content=\"noindex, follow\" \/>\n<meta property=\"og:locale\" content=\"en_US\" \/>\n<meta property=\"og:type\" content=\"article\" \/>\n<meta property=\"og:title\" content=\"Ostukorv | Meze\" \/>\n<meta property=\"og:description\" content=\"Remove item Thumbnail image Product Price Quantity Subtotal &times; T\u0161urt\u0161hela 1,00&euro; T\u0161urt\u0161hela quantity 1,00&euro; Ostukorvi Summa Subtotal 1,00&euro; Total 1,00&euro; Maksma\" \/>\n<meta property=\"og:url\" content=\"https:\/\/meze.ee\/en\/cart\/\" \/>\n<meta property=\"og:site_name\" content=\"Meze\" \/>\n<meta property=\"article:publisher\" content=\"https:\/\/www.facebook.com\/mezeeesti\/\" \/>\n<meta property=\"article:modified_time\" content=\"2024-12-02T11:07:18+00:00\" \/>\n<meta property=\"og:image\" content=\"https:\/\/meze.ee\/wp-content\/uploads\/2024\/03\/tsurtsela-150x150-1.webp\" \/>\n<meta name=\"twitter:card\" content=\"summary_large_image\" \/>\n<meta name=\"twitter:label1\" content=\"Est. reading time\" \/>\n\t<meta name=\"twitter:data1\" content=\"1 minute\" \/>\n<script type=\"application\/ld+json\" class=\"yoast-schema-graph\">{\"@context\":\"https:\/\/schema.org\",\"@graph\":[{\"@type\":\"WebPage\",\"@id\":\"https:\/\/meze.ee\/cart\/\",\"url\":\"https:\/\/meze.ee\/cart\/\",\"name\":\"Ostukorv | Meze\",\"isPartOf\":{\"@id\":\"https:\/\/meze.ee\/#website\"},\"primaryImageOfPage\":{\"@id\":\"https:\/\/meze.ee\/cart\/#primaryimage\"},\"image\":{\"@id\":\"https:\/\/meze.ee\/cart\/#primaryimage\"},\"thumbnailUrl\":\"https:\/\/meze.ee\/wp-content\/uploads\/2024\/03\/tsurtsela-150x150-1.webp\",\"datePublished\":\"2024-04-01T21:29:56+00:00\",\"dateModified\":\"2024-12-02T11:07:18+00:00\",\"breadcrumb\":{\"@id\":\"https:\/\/meze.ee\/cart\/#breadcrumb\"},\"inLanguage\":\"en-US\",\"potentialAction\":[{\"@type\":\"ReadAction\",\"target\":[\"https:\/\/meze.ee\/cart\/\"]}]},{\"@type\":\"ImageObject\",\"inLanguage\":\"en-US\",\"@id\":\"https:\/\/meze.ee\/cart\/#primaryimage\",\"url\":\"https:\/\/meze.ee\/wp-content\/uploads\/2024\/03\/tsurtsela-150x150-1.webp\",\"contentUrl\":\"https:\/\/meze.ee\/wp-content\/uploads\/2024\/03\/tsurtsela-150x150-1.webp\"},{\"@type\":\"BreadcrumbList\",\"@id\":\"https:\/\/meze.ee\/cart\/#breadcrumb\",\"itemListElement\":[{\"@type\":\"ListItem\",\"position\":1,\"name\":\"Home\",\"item\":\"https:\/\/meze.ee\/\"},{\"@type\":\"ListItem\",\"position\":2,\"name\":\"Ostukorv\"}]},{\"@type\":\"WebSite\",\"@id\":\"https:\/\/meze.ee\/#website\",\"url\":\"https:\/\/meze.ee\/\",\"name\":\"Meze\",\"description\":\"Parimad L&auml;his-Ida maitsed Sinu toidulaual\",\"publisher\":{\"@id\":\"https:\/\/meze.ee\/#organization\"},\"alternateName\":\"Meze Eesti\",\"potentialAction\":[{\"@type\":\"SearchAction\",\"target\":{\"@type\":\"EntryPoint\",\"urlTemplate\":\"https:\/\/meze.ee\/?s={search_term_string}\"},\"query-input\":{\"@type\":\"PropertyValueSpecification\",\"valueRequired\":true,\"valueName\":\"search_term_string\"}}],\"inLanguage\":\"en-US\"},{\"@type\":\"Organization\",\"@id\":\"https:\/\/meze.ee\/#organization\",\"name\":\"Meze\",\"alternateName\":\"Meze Eesti\",\"url\":\"https:\/\/meze.ee\/\",\"logo\":{\"@type\":\"ImageObject\",\"inLanguage\":\"en-US\",\"@id\":\"https:\/\/meze.ee\/#\/schema\/logo\/image\/\",\"url\":\"https:\/\/meze.ee\/wp-content\/uploads\/2024\/01\/meze-logo.png\",\"contentUrl\":\"https:\/\/meze.ee\/wp-content\/uploads\/2024\/01\/meze-logo.png\",\"width\":602,\"height\":282,\"caption\":\"Meze\"},\"image\":{\"@id\":\"https:\/\/meze.ee\/#\/schema\/logo\/image\/\"},\"sameAs\":[\"https:\/\/www.facebook.com\/mezeeesti\/\"]}]}<\/script>\n<!-- \/ Yoast SEO plugin. -->","yoast_head_json":{"title":"Ostukorv | Meze","robots":{"index":"noindex","follow":"follow"},"og_locale":"en_US","og_type":"article","og_title":"Ostukorv | Meze","og_description":"Remove item Thumbnail image Product Price Quantity Subtotal &times; T\u0161urt\u0161hela 1,00&euro; T\u0161urt\u0161hela quantity 1,00&euro; Ostukorvi Summa Subtotal 1,00&euro; Total 1,00&euro; Maksma","og_url":"https:\/\/meze.ee\/en\/cart\/","og_site_name":"Meze","article_publisher":"https:\/\/www.facebook.com\/mezeeesti\/","article_modified_time":"2024-12-02T11:07:18+00:00","og_image":[{"url":"https:\/\/meze.ee\/wp-content\/uploads\/2024\/03\/tsurtsela-150x150-1.webp","type":"","width":"","height":""}],"twitter_card":"summary_large_image","twitter_misc":{"Est. reading time":"1 minute"},"schema":{"@context":"https:\/\/schema.org","@graph":[{"@type":"WebPage","@id":"https:\/\/meze.ee\/cart\/","url":"https:\/\/meze.ee\/cart\/","name":"Ostukorv | Meze","isPartOf":{"@id":"https:\/\/meze.ee\/#website"},"primaryImageOfPage":{"@id":"https:\/\/meze.ee\/cart\/#primaryimage"},"image":{"@id":"https:\/\/meze.ee\/cart\/#primaryimage"},"thumbnailUrl":"https:\/\/meze.ee\/wp-content\/uploads\/2024\/03\/tsurtsela-150x150-1.webp","datePublished":"2024-04-01T21:29:56+00:00","dateModified":"2024-12-02T11:07:18+00:00","breadcrumb":{"@id":"https:\/\/meze.ee\/cart\/#breadcrumb"},"inLanguage":"en-US","potentialAction":[{"@type":"ReadAction","target":["https:\/\/meze.ee\/cart\/"]}]},{"@type":"ImageObject","inLanguage":"en-US","@id":"https:\/\/meze.ee\/cart\/#primaryimage","url":"https:\/\/meze.ee\/wp-content\/uploads\/2024\/03\/tsurtsela-150x150-1.webp","contentUrl":"https:\/\/meze.ee\/wp-content\/uploads\/2024\/03\/tsurtsela-150x150-1.webp"},{"@type":"BreadcrumbList","@id":"https:\/\/meze.ee\/cart\/#breadcrumb","itemListElement":[{"@type":"ListItem","position":1,"name":"Home","item":"https:\/\/meze.ee\/"},{"@type":"ListItem","position":2,"name":"Ostukorv"}]},{"@type":"WebSite","@id":"https:\/\/meze.ee\/#website","url":"https:\/\/meze.ee\/","name":"Meze","description":"Parimad L&auml;his-Ida maitsed Sinu toidulaual","publisher":{"@id":"https:\/\/meze.ee\/#organization"},"alternateName":"Meze Eesti","potentialAction":[{"@type":"SearchAction","target":{"@type":"EntryPoint","urlTemplate":"https:\/\/meze.ee\/?s={search_term_string}"},"query-input":{"@type":"PropertyValueSpecification","valueRequired":true,"valueName":"search_term_string"}}],"inLanguage":"en-US"},{"@type":"Organization","@id":"https:\/\/meze.ee\/#organization","name":"Meze","alternateName":"Meze Eesti","url":"https:\/\/meze.ee\/","logo":{"@type":"ImageObject","inLanguage":"en-US","@id":"https:\/\/meze.ee\/#\/schema\/logo\/image\/","url":"https:\/\/meze.ee\/wp-content\/uploads\/2024\/01\/meze-logo.png","contentUrl":"https:\/\/meze.ee\/wp-content\/uploads\/2024\/01\/meze-logo.png","width":602,"height":282,"caption":"Meze"},"image":{"@id":"https:\/\/meze.ee\/#\/schema\/logo\/image\/"},"sameAs":["https:\/\/www.facebook.com\/mezeeesti\/"]}]}},"_links":{"self":[{"href":"https:\/\/meze.ee\/en\/wp-json\/wp\/v2\/pages\/2669","targetHints":{"allow":["GET"]}}],"collection":[{"href":"https:\/\/meze.ee\/en\/wp-json\/wp\/v2\/pages"}],"about":[{"href":"https:\/\/meze.ee\/en\/wp-json\/wp\/v2\/types\/page"}],"author":[{"embeddable":true,"href":"https:\/\/meze.ee\/en\/wp-json\/wp\/v2\/users\/2"}],"replies":[{"embeddable":true,"href":"https:\/\/meze.ee\/en\/wp-json\/wp\/v2\/comments?post=2669"}],"version-history":[{"count":0,"href":"https:\/\/meze.ee\/en\/wp-json\/wp\/v2\/pages\/2669\/revisions"}],"wp:attachment":[{"href":"https:\/\/meze.ee\/en\/wp-json\/wp\/v2\/media?parent=2669"}],"curies":[{"name":"wp","href":"https:\/\/api.w.org\/{rel}","templated":true}]}}