{"id":3,"date":"2024-01-22T12:48:54","date_gmt":"2024-01-22T12:48:54","guid":{"rendered":"https:\/\/meze.ee\/?page_id=3"},"modified":"2024-12-03T18:09:02","modified_gmt":"2024-12-03T18:09:02","slug":"privaatsuspoliitika","status":"publish","type":"page","link":"https:\/\/meze.ee\/en\/privaatsuspoliitika\/","title":{"rendered":"Privacy Policy"},"content":{"rendered":"<div data-elementor-type=\"wp-page\" data-elementor-id=\"3\" class=\"elementor elementor-3\" data-elementor-settings=\"{&quot;element_pack_global_tooltip_width&quot;:{&quot;unit&quot;:&quot;px&quot;,&quot;size&quot;:&quot;&quot;,&quot;sizes&quot;:[]},&quot;element_pack_global_tooltip_width_tablet&quot;:{&quot;unit&quot;:&quot;px&quot;,&quot;size&quot;:&quot;&quot;,&quot;sizes&quot;:[]},&quot;element_pack_global_tooltip_width_mobile&quot;:{&quot;unit&quot;:&quot;px&quot;,&quot;size&quot;:&quot;&quot;,&quot;sizes&quot;:[]},&quot;element_pack_global_tooltip_padding&quot;:{&quot;unit&quot;:&quot;px&quot;,&quot;top&quot;:&quot;&quot;,&quot;right&quot;:&quot;&quot;,&quot;bottom&quot;:&quot;&quot;,&quot;left&quot;:&quot;&quot;,&quot;isLinked&quot;:true},&quot;element_pack_global_tooltip_padding_tablet&quot;:{&quot;unit&quot;:&quot;px&quot;,&quot;top&quot;:&quot;&quot;,&quot;right&quot;:&quot;&quot;,&quot;bottom&quot;:&quot;&quot;,&quot;left&quot;:&quot;&quot;,&quot;isLinked&quot;:true},&quot;element_pack_global_tooltip_padding_mobile&quot;:{&quot;unit&quot;:&quot;px&quot;,&quot;top&quot;:&quot;&quot;,&quot;right&quot;:&quot;&quot;,&quot;bottom&quot;:&quot;&quot;,&quot;left&quot;:&quot;&quot;,&quot;isLinked&quot;:true},&quot;element_pack_global_tooltip_border_radius&quot;:{&quot;unit&quot;:&quot;px&quot;,&quot;top&quot;:&quot;&quot;,&quot;right&quot;:&quot;&quot;,&quot;bottom&quot;:&quot;&quot;,&quot;left&quot;:&quot;&quot;,&quot;isLinked&quot;:true},&quot;element_pack_global_tooltip_border_radius_tablet&quot;:{&quot;unit&quot;:&quot;px&quot;,&quot;top&quot;:&quot;&quot;,&quot;right&quot;:&quot;&quot;,&quot;bottom&quot;:&quot;&quot;,&quot;left&quot;:&quot;&quot;,&quot;isLinked&quot;:true},&quot;element_pack_global_tooltip_border_radius_mobile&quot;:{&quot;unit&quot;:&quot;px&quot;,&quot;top&quot;:&quot;&quot;,&quot;right&quot;:&quot;&quot;,&quot;bottom&quot;:&quot;&quot;,&quot;left&quot;:&quot;&quot;,&quot;isLinked&quot;:true}}\" data-elementor-post-type=\"page\">\n\t\t\t\t\t\t<section class=\"elementor-section elementor-top-section elementor-element elementor-element-514203ae elementor-section-full_width elementor-section-height-default elementor-section-height-default\" data-id=\"514203ae\" data-element_type=\"section\" data-settings=\"{&quot;shape_divider_bottom&quot;:&quot;wave-brush&quot;}\">\n\t\t\t\t\t<div class=\"elementor-shape elementor-shape-bottom\" data-negative=\"false\">\n\t\t\t<svg xmlns=\"http:\/\/www.w3.org\/2000\/svg\" viewbox=\"0 0 283.5 27.8\" preserveaspectratio=\"none\">\n\t<path class=\"elementor-shape-fill\" d=\"M283.5,9.7c0,0-7.3,4.3-14,4.6c-6.8,0.3-12.6,0-20.9-1.5c-11.3-2-33.1-10.1-44.7-5.7\ts-12.1,4.6-18,7.4c-6.6,3.2-20,9.6-36.6,9.3C131.6,23.5,99.5,7.2,86.3,8c-1.4,0.1-6.6,0.8-10.5,2c-3.8,1.2-9.4,3.8-17,4.7\tc-3.2,0.4-8.3,1.1-14.2,0.9c-1.5-0.1-6.3-0.4-12-1.6c-5.7-1.2-11-3.1-15.8-3.7C6.5,9.2,0,10.8,0,10.8V0h283.5V9.7z M260.8,11.3\tc-0.7-1-2-0.4-4.3-0.4c-2.3,0-6.1-1.2-5.8-1.1c0.3,0.1,3.1,1.5,6,1.9C259.7,12.2,261.4,12.3,260.8,11.3z M242.4,8.6\tc0,0-2.4-0.2-5.6-0.9c-3.2-0.8-10.3-2.8-15.1-3.5c-8.2-1.1-15.8,0-15.1,0.1c0.8,0.1,9.6-0.6,17.6,1.1c3.3,0.7,9.3,2.2,12.4,2.7\tC239.9,8.7,242.4,8.6,242.4,8.6z M185.2,8.5c1.7-0.7-13.3,4.7-18.5,6.1c-2.1,0.6-6.2,1.6-10,2c-3.9,0.4-8.9,0.4-8.8,0.5\tc0,0.2,5.8,0.8,11.2,0c5.4-0.8,5.2-1.1,7.6-1.6C170.5,14.7,183.5,9.2,185.2,8.5z M199.1,6.9c0.2,0-0.8-0.4-4.8,1.1\tc-4,1.5-6.7,3.5-6.9,3.7c-0.2,0.1,3.5-1.8,6.6-3C197,7.5,199,6.9,199.1,6.9z M283,6c-0.1,0.1-1.9,1.1-4.8,2.5s-6.9,2.8-6.7,2.7\tc0.2,0,3.5-0.6,7.4-2.5C282.8,6.8,283.1,5.9,283,6z M31.3,11.6c0.1-0.2-1.9-0.2-4.5-1.2s-5.4-1.6-7.8-2C15,7.6,7.3,8.5,7.7,8.6\tC8,8.7,15.9,8.3,20.2,9.3c2.2,0.5,2.4,0.5,5.7,1.6S31.2,11.9,31.3,11.6z M73,9.2c0.4-0.1,3.5-1.6,8.4-2.6c4.9-1.1,8.9-0.5,8.9-0.8\tc0-0.3-1-0.9-6.2-0.3S72.6,9.3,73,9.2z M71.6,6.7C71.8,6.8,75,5.4,77.3,5c2.3-0.3,1.9-0.5,1.9-0.6c0-0.1-1.1-0.2-2.7,0.2\tC74.8,5.1,71.4,6.6,71.6,6.7z M93.6,4.4c0.1,0.2,3.5,0.8,5.6,1.8c2.1,1,1.8,0.6,1.9,0.5c0.1-0.1-0.8-0.8-2.4-1.3\tC97.1,4.8,93.5,4.2,93.6,4.4z M65.4,11.1c-0.1,0.3,0.3,0.5,1.9-0.2s2.6-1.3,2.2-1.2s-0.9,0.4-2.5,0.8C65.3,10.9,65.5,10.8,65.4,11.1\tz M34.5,12.4c-0.2,0,2.1,0.8,3.3,0.9c1.2,0.1,2,0.1,2-0.2c0-0.3-0.1-0.5-1.6-0.4C36.6,12.8,34.7,12.4,34.5,12.4z M152.2,21.1\tc-0.1,0.1-2.4-0.3-7.5-0.3c-5,0-13.6-2.4-17.2-3.5c-3.6-1.1,10,3.9,16.5,4.1C150.5,21.6,152.3,21,152.2,21.1z\"\/>\n\t<path class=\"elementor-shape-fill\" d=\"M269.6,18c-0.1-0.1-4.6,0.3-7.2,0c-7.3-0.7-17-3.2-16.6-2.9c0.4,0.3,13.7,3.1,17,3.3\tC267.7,18.8,269.7,18,269.6,18z\"\/>\n\t<path class=\"elementor-shape-fill\" d=\"M227.4,9.8c-0.2-0.1-4.5-1-9.5-1.2c-5-0.2-12.7,0.6-12.3,0.5c0.3-0.1,5.9-1.8,13.3-1.2\tS227.6,9.9,227.4,9.8z\"\/>\n\t<path class=\"elementor-shape-fill\" d=\"M204.5,13.4c-0.1-0.1,2-1,3.2-1.1c1.2-0.1,2,0,2,0.3c0,0.3-0.1,0.5-1.6,0.4\tC206.4,12.9,204.6,13.5,204.5,13.4z\"\/>\n\t<path class=\"elementor-shape-fill\" d=\"M201,10.6c0-0.1-4.4,1.2-6.3,2.2c-1.9,0.9-6.2,3.1-6.1,3.1c0.1,0.1,4.2-1.6,6.3-2.6\tS201,10.7,201,10.6z\"\/>\n\t<path class=\"elementor-shape-fill\" d=\"M154.5,26.7c-0.1-0.1-4.6,0.3-7.2,0c-7.3-0.7-17-3.2-16.6-2.9c0.4,0.3,13.7,3.1,17,3.3\tC152.6,27.5,154.6,26.8,154.5,26.7z\"\/>\n\t<path class=\"elementor-shape-fill\" d=\"M41.9,19.3c0,0,1.2-0.3,2.9-0.1c1.7,0.2,5.8,0.9,8.2,0.7c4.2-0.4,7.4-2.7,7-2.6\tc-0.4,0-4.3,2.2-8.6,1.9c-1.8-0.1-5.1-0.5-6.7-0.4S41.9,19.3,41.9,19.3z\"\/>\n\t<path class=\"elementor-shape-fill\" d=\"M75.5,12.6c0.2,0.1,2-0.8,4.3-1.1c2.3-0.2,2.1-0.3,2.1-0.5c0-0.1-1.8-0.4-3.4,0\tC76.9,11.5,75.3,12.5,75.5,12.6z\"\/>\n\t<path class=\"elementor-shape-fill\" d=\"M15.6,13.2c0-0.1,4.3,0,6.7,0.5c2.4,0.5,5,1.9,5,2c0,0.1-2.7-0.8-5.1-1.4\tC19.9,13.7,15.7,13.3,15.6,13.2z\"\/>\n<\/svg>\t\t<\/div>\n\t\t\t\t\t<div class=\"elementor-container elementor-column-gap-no\">\n\t\t\t\t\t<div class=\"elementor-column elementor-col-100 elementor-top-column elementor-element elementor-element-1b7a819d\" data-id=\"1b7a819d\" data-element_type=\"column\">\n\t\t\t<div class=\"elementor-widget-wrap elementor-element-populated\">\n\t\t\t\t\t\t<section class=\"elementor-section elementor-inner-section elementor-element elementor-element-351a0492 elementor-section-boxed elementor-section-height-default elementor-section-height-default\" data-id=\"351a0492\" data-element_type=\"section\">\n\t\t\t\t\t\t<div class=\"elementor-container elementor-column-gap-no\">\n\t\t\t\t\t<div class=\"elementor-column elementor-col-100 elementor-inner-column elementor-element elementor-element-7737588b\" data-id=\"7737588b\" data-element_type=\"column\">\n\t\t\t<div class=\"elementor-widget-wrap elementor-element-populated\">\n\t\t\t\t\t\t<div class=\"elementor-element elementor-element-24ec941a elementor-widget__width-initial e-transform elementor-widget-tablet__width-initial elementor-widget-mobile__width-initial animated-slow e-transform elementor-hidden-tablet elementor-hidden-mobile elementor-invisible elementor-widget elementor-widget-spacer\" data-id=\"24ec941a\" data-element_type=\"widget\" data-settings=\"{&quot;_transform_translateX_effect&quot;:{&quot;unit&quot;:&quot;px&quot;,&quot;size&quot;:&quot;-46&quot;,&quot;sizes&quot;:[]},&quot;_transform_translateY_effect&quot;:{&quot;unit&quot;:&quot;px&quot;,&quot;size&quot;:&quot;36&quot;,&quot;sizes&quot;:[]},&quot;_transform_translateX_effect_tablet&quot;:{&quot;unit&quot;:&quot;px&quot;,&quot;size&quot;:&quot;-25&quot;,&quot;sizes&quot;:[]},&quot;_transform_translateY_effect_tablet&quot;:{&quot;unit&quot;:&quot;px&quot;,&quot;size&quot;:&quot;48&quot;,&quot;sizes&quot;:[]},&quot;_transform_translateX_effect_mobile&quot;:{&quot;unit&quot;:&quot;px&quot;,&quot;size&quot;:&quot;0&quot;,&quot;sizes&quot;:[]},&quot;_transform_translateY_effect_mobile&quot;:{&quot;unit&quot;:&quot;px&quot;,&quot;size&quot;:&quot;0&quot;,&quot;sizes&quot;:[]},&quot;_animation&quot;:&quot;fadeIn&quot;,&quot;_animation_delay&quot;:&quot;700&quot;,&quot;_transform_rotateZ_effect&quot;:{&quot;unit&quot;:&quot;px&quot;,&quot;size&quot;:&quot;13&quot;,&quot;sizes&quot;:[]},&quot;_transform_rotateZ_effect_tablet&quot;:{&quot;unit&quot;:&quot;deg&quot;,&quot;size&quot;:&quot;&quot;,&quot;sizes&quot;:[]},&quot;_transform_rotateZ_effect_mobile&quot;:{&quot;unit&quot;:&quot;deg&quot;,&quot;size&quot;:&quot;&quot;,&quot;sizes&quot;:[]}}\" data-widget_type=\"spacer.default\">\n\t\t\t\t<div class=\"elementor-widget-container\">\n\t\t\t\t\t<div class=\"elementor-spacer\">\n\t\t\t<div class=\"elementor-spacer-inner\"><\/div>\n\t\t<\/div>\n\t\t\t\t<\/div>\n\t\t\t\t<\/div>\n\t\t\t\t<div class=\"elementor-element elementor-element-71c253d0 elementor-invisible elementor-widget elementor-widget-heading\" data-id=\"71c253d0\" data-element_type=\"widget\" data-settings=\"{&quot;_animation&quot;:&quot;fadeInUp&quot;}\" data-widget_type=\"heading.default\">\n\t\t\t\t<div class=\"elementor-widget-container\">\n\t\t\t<h1 class=\"elementor-heading-title elementor-size-default\">Privacy Policy<\/h1>\t\t<\/div>\n\t\t\t\t<\/div>\n\t\t\t\t<div class=\"elementor-element elementor-element-2fa802e0 elementor-widget__width-initial e-transform elementor-widget-tablet__width-initial elementor-widget-mobile__width-initial animated-slow elementor-hidden-tablet elementor-hidden-mobile elementor-invisible elementor-widget elementor-widget-spacer\" data-id=\"2fa802e0\" data-element_type=\"widget\" data-settings=\"{&quot;_transform_translateX_effect&quot;:{&quot;unit&quot;:&quot;px&quot;,&quot;size&quot;:&quot;863&quot;,&quot;sizes&quot;:[]},&quot;_transform_translateY_effect&quot;:{&quot;unit&quot;:&quot;px&quot;,&quot;size&quot;:&quot;-36&quot;,&quot;sizes&quot;:[]},&quot;_transform_translateX_effect_tablet&quot;:{&quot;unit&quot;:&quot;px&quot;,&quot;size&quot;:&quot;386&quot;,&quot;sizes&quot;:[]},&quot;_transform_translateY_effect_tablet&quot;:{&quot;unit&quot;:&quot;px&quot;,&quot;size&quot;:&quot;-48&quot;,&quot;sizes&quot;:[]},&quot;_transform_translateX_effect_mobile&quot;:{&quot;unit&quot;:&quot;px&quot;,&quot;size&quot;:&quot;159&quot;,&quot;sizes&quot;:[]},&quot;_transform_translateY_effect_mobile&quot;:{&quot;unit&quot;:&quot;px&quot;,&quot;size&quot;:&quot;24&quot;,&quot;sizes&quot;:[]},&quot;_animation&quot;:&quot;fadeIn&quot;,&quot;_animation_delay&quot;:&quot;700&quot;}\" data-widget_type=\"spacer.default\">\n\t\t\t\t<div class=\"elementor-widget-container\">\n\t\t\t\t\t<div class=\"elementor-spacer\">\n\t\t\t<div class=\"elementor-spacer-inner\"><\/div>\n\t\t<\/div>\n\t\t\t\t<\/div>\n\t\t\t\t<\/div>\n\t\t\t\t<div class=\"elementor-element elementor-element-5268030e elementor-widget__width-initial e-transform elementor-widget-tablet__width-initial elementor-widget-mobile__width-initial animated-slow elementor-hidden-tablet elementor-hidden-mobile elementor-invisible elementor-widget elementor-widget-spacer\" data-id=\"5268030e\" data-element_type=\"widget\" data-settings=\"{&quot;_transform_translateX_effect&quot;:{&quot;unit&quot;:&quot;px&quot;,&quot;size&quot;:&quot;860&quot;,&quot;sizes&quot;:[]},&quot;_transform_translateY_effect&quot;:{&quot;unit&quot;:&quot;px&quot;,&quot;size&quot;:&quot;-20&quot;,&quot;sizes&quot;:[]},&quot;_transform_translateX_effect_tablet&quot;:{&quot;unit&quot;:&quot;px&quot;,&quot;size&quot;:&quot;374&quot;,&quot;sizes&quot;:[]},&quot;_transform_translateY_effect_tablet&quot;:{&quot;unit&quot;:&quot;px&quot;,&quot;size&quot;:&quot;-84&quot;,&quot;sizes&quot;:[]},&quot;_transform_translateX_effect_mobile&quot;:{&quot;unit&quot;:&quot;px&quot;,&quot;size&quot;:&quot;159&quot;,&quot;sizes&quot;:[]},&quot;_transform_translateY_effect_mobile&quot;:{&quot;unit&quot;:&quot;px&quot;,&quot;size&quot;:&quot;35&quot;,&quot;sizes&quot;:[]},&quot;_animation&quot;:&quot;fadeIn&quot;,&quot;_animation_delay&quot;:&quot;700&quot;}\" data-widget_type=\"spacer.default\">\n\t\t\t\t<div class=\"elementor-widget-container\">\n\t\t\t\t\t<div class=\"elementor-spacer\">\n\t\t\t<div class=\"elementor-spacer-inner\"><\/div>\n\t\t<\/div>\n\t\t\t\t<\/div>\n\t\t\t\t<\/div>\n\t\t\t\t\t<\/div>\n\t\t<\/div>\n\t\t\t\t\t<\/div>\n\t\t<\/section>\n\t\t\t\t\t<\/div>\n\t\t<\/div>\n\t\t\t\t\t<\/div>\n\t\t<\/section>\n\t\t<div class=\"elementor-element elementor-element-593da15 e-flex e-con-boxed e-con e-parent\" data-id=\"593da15\" data-element_type=\"container\">\n\t\t\t\t\t<div class=\"e-con-inner\">\n\t\t\t\t<div class=\"elementor-element elementor-element-245fb23 elementor-invisible elementor-widget elementor-widget-text-editor\" data-id=\"245fb23\" data-element_type=\"widget\" data-settings=\"{&quot;_animation&quot;:&quot;fadeInUp&quot;}\" data-widget_type=\"text-editor.default\">\n\t\t\t\t<div class=\"elementor-widget-container\">\n\t\t\t\t\t\t\t<p><!-- wp:heading --><\/p>\n<p>This Privacy Policy outlines how we collect, use, disclose, and protect information gathered from visitors to our website Meze.ee.<\/p>\n<p><strong>1. Information Collection<\/strong><\/p>\n<p><strong>1.1 Personal Information<\/strong> When you visit our website, we may collect personal information that you voluntarily provide to us, such as your name, email address, and any other details you provide when filling out forms or contacting us through our website.<\/p>\n<p><strong>1.2 Automatically Collected Information<\/strong> We may also collect certain information automatically when you visit our website, including your IP address, browser type, operating system, referring website, pages viewed, and the dates and times of your visit. This information is collected using cookies and similar tracking technologies.<\/p>\n<p><strong>2. Use of Information<\/strong><\/p>\n<p>We may use the information we collect for various purposes, including to:<\/p>\n<p class=\" translation-block\">Provide, operate and maintain our website;<br>Respond to your inquiries, questions and comments;<br>Analyze how our website is used and improve the user experience;<br>Send you promotional communications if you have consented to receive them;<br>Comply with the law resulting obligations; provide<br>Protect against, investigate and prevent fraud, unauthorized or illegal activity.<\/p>\n<p><strong>3. Disclosure of Information<\/strong><\/p>\n<p>We may share your information with third parties in the following cases:<\/p>\n<p class=\" translation-block\">With service providers who assist us in managing our website and providing services;<br>To comply with legal obligations or to respond to lawful requests from government authorities;<br>To protect our rights or property; provide<br>with your consent or as otherwise disclosed at the time of collection.<\/p>\n<p><strong>4. Data Retention<\/strong><\/p>\n<p>We retain your information only for as long as is necessary to fulfill the purposes described in this Privacy Policy, unless a longer retention period is required or permitted by law.<\/p>\n<p><strong>5. Your Rights<\/strong><\/p>\n<p><em>You have a right to:<\/em><\/p>\n<p class=\" translation-block\">Access, update or delete your personal data;<br>object to the processing of your personal data;<br>Unsubscribe from receiving promotional communications from us; give<br>Make a complaint to the supervisory authority if you believe that your rights have been violated.<\/p>\n<p><strong>6. Security<\/strong><\/p>\n<p>We take reasonable steps to protect the confidentiality, integrity and security of your information, but no method of transmission over the Internet or electronic storage is completely secure. Therefore, we cannot guarantee absolute security.<\/p>\n<p><strong>7. Changes to this Privacy Policy<\/strong><\/p>\n<p>We may update this privacy policy from time to time. Any changes will be posted on this page and the effective date will be updated accordingly.<\/p>\n<p><strong>8. Contact Us<\/strong><\/p>\n<p>If you have any questions or concerns about this Privacy Policy or our privacy practices, please contact us.<\/p>\n<p><!-- \/wp:paragraph --><\/p>\t\t\t\t\t\t<\/div>\n\t\t\t\t<\/div>\n\t\t\t\t\t<\/div>\n\t\t\t\t<\/div>\n\t\t\t\t<\/div>","protected":false},"excerpt":{"rendered":"<p>Privaatsuspoliitika See privaatsuspoliitika kirjeldab, kuidas me kogume, kasutame, avaldame ja kaitseme meie veebisaidi Meze.ee k\u00fclastajatelt kogutud teavet. 1. Teabe kogumine 1.1 Isikuandmed: kui k\u00fclastate meie veebisaiti, v\u00f5ime koguda isikuandmeid, mille te meile vabatahtlikult esitate, nagu teie nimi, e-posti aadress ja muud andmed, mille esitate vorme t\u00e4ites v\u00f5i meie veebisaidi kaudu meiega \u00fchendust v\u00f5ttes. 1.2 Automaatselt [&hellip;]<\/p>","protected":false},"author":2,"featured_media":0,"parent":0,"menu_order":0,"comment_status":"closed","ping_status":"closed","template":"","meta":{"footnotes":""},"class_list":["post-3","page","type-page","status-publish","hentry"],"yoast_head":"<!-- This site is optimized with the Yoast SEO plugin v24.0 - https:\/\/yoast.com\/wordpress\/plugins\/seo\/ -->\n<title>Privaatsuspoliitika | Meze<\/title>\n<meta name=\"robots\" content=\"noindex, follow\" \/>\n<meta property=\"og:locale\" content=\"en_US\" \/>\n<meta property=\"og:type\" content=\"article\" \/>\n<meta property=\"og:title\" content=\"Privaatsuspoliitika | Meze\" \/>\n<meta property=\"og:description\" content=\"Privaatsuspoliitika See privaatsuspoliitika kirjeldab, kuidas me kogume, kasutame, avaldame ja kaitseme meie veebisaidi Meze.ee k\u00fclastajatelt kogutud teavet. 1. Teabe kogumine 1.1 Isikuandmed: kui k\u00fclastate meie veebisaiti, v\u00f5ime koguda isikuandmeid, mille te meile vabatahtlikult esitate, nagu teie nimi, e-posti aadress ja muud andmed, mille esitate vorme t\u00e4ites v\u00f5i meie veebisaidi kaudu meiega \u00fchendust v\u00f5ttes. 1.2 Automaatselt [&hellip;]\" \/>\n<meta property=\"og:url\" content=\"https:\/\/meze.ee\/en\/privaatsuspoliitika\/\" \/>\n<meta property=\"og:site_name\" content=\"Meze\" \/>\n<meta property=\"article:publisher\" content=\"https:\/\/www.facebook.com\/mezeeesti\/\" \/>\n<meta property=\"article:modified_time\" content=\"2024-12-03T18:09:02+00:00\" \/>\n<meta property=\"og:image\" content=\"https:\/\/meze.ee\/wp-content\/uploads\/2024\/01\/meze-logo.png\" \/>\n\t<meta property=\"og:image:width\" content=\"602\" \/>\n\t<meta property=\"og:image:height\" content=\"282\" \/>\n\t<meta property=\"og:image:type\" content=\"image\/png\" \/>\n<meta name=\"twitter:card\" content=\"summary_large_image\" \/>\n<meta name=\"twitter:label1\" content=\"Est. reading time\" \/>\n\t<meta name=\"twitter:data1\" content=\"2 minutes\" \/>\n<script type=\"application\/ld+json\" class=\"yoast-schema-graph\">{\"@context\":\"https:\/\/schema.org\",\"@graph\":[{\"@type\":\"WebPage\",\"@id\":\"https:\/\/meze.ee\/privaatsuspoliitika\/\",\"url\":\"https:\/\/meze.ee\/privaatsuspoliitika\/\",\"name\":\"Privaatsuspoliitika | Meze\",\"isPartOf\":{\"@id\":\"https:\/\/meze.ee\/#website\"},\"datePublished\":\"2024-01-22T12:48:54+00:00\",\"dateModified\":\"2024-12-03T18:09:02+00:00\",\"breadcrumb\":{\"@id\":\"https:\/\/meze.ee\/privaatsuspoliitika\/#breadcrumb\"},\"inLanguage\":\"en-US\",\"potentialAction\":[{\"@type\":\"ReadAction\",\"target\":[\"https:\/\/meze.ee\/privaatsuspoliitika\/\"]}]},{\"@type\":\"BreadcrumbList\",\"@id\":\"https:\/\/meze.ee\/privaatsuspoliitika\/#breadcrumb\",\"itemListElement\":[{\"@type\":\"ListItem\",\"position\":1,\"name\":\"Home\",\"item\":\"https:\/\/meze.ee\/\"},{\"@type\":\"ListItem\",\"position\":2,\"name\":\"Privaatsuspoliitika\"}]},{\"@type\":\"WebSite\",\"@id\":\"https:\/\/meze.ee\/#website\",\"url\":\"https:\/\/meze.ee\/\",\"name\":\"Meze\",\"description\":\"Parimad L&auml;his-Ida maitsed Sinu toidulaual\",\"publisher\":{\"@id\":\"https:\/\/meze.ee\/#organization\"},\"alternateName\":\"Meze Eesti\",\"potentialAction\":[{\"@type\":\"SearchAction\",\"target\":{\"@type\":\"EntryPoint\",\"urlTemplate\":\"https:\/\/meze.ee\/?s={search_term_string}\"},\"query-input\":{\"@type\":\"PropertyValueSpecification\",\"valueRequired\":true,\"valueName\":\"search_term_string\"}}],\"inLanguage\":\"en-US\"},{\"@type\":\"Organization\",\"@id\":\"https:\/\/meze.ee\/#organization\",\"name\":\"Meze\",\"alternateName\":\"Meze Eesti\",\"url\":\"https:\/\/meze.ee\/\",\"logo\":{\"@type\":\"ImageObject\",\"inLanguage\":\"en-US\",\"@id\":\"https:\/\/meze.ee\/#\/schema\/logo\/image\/\",\"url\":\"https:\/\/meze.ee\/wp-content\/uploads\/2024\/01\/meze-logo.png\",\"contentUrl\":\"https:\/\/meze.ee\/wp-content\/uploads\/2024\/01\/meze-logo.png\",\"width\":602,\"height\":282,\"caption\":\"Meze\"},\"image\":{\"@id\":\"https:\/\/meze.ee\/#\/schema\/logo\/image\/\"},\"sameAs\":[\"https:\/\/www.facebook.com\/mezeeesti\/\"]}]}<\/script>\n<!-- \/ Yoast SEO plugin. -->","yoast_head_json":{"title":"Privaatsuspoliitika | Meze","robots":{"index":"noindex","follow":"follow"},"og_locale":"en_US","og_type":"article","og_title":"Privaatsuspoliitika | Meze","og_description":"Privaatsuspoliitika See privaatsuspoliitika kirjeldab, kuidas me kogume, kasutame, avaldame ja kaitseme meie veebisaidi Meze.ee k\u00fclastajatelt kogutud teavet. 1. Teabe kogumine 1.1 Isikuandmed: kui k\u00fclastate meie veebisaiti, v\u00f5ime koguda isikuandmeid, mille te meile vabatahtlikult esitate, nagu teie nimi, e-posti aadress ja muud andmed, mille esitate vorme t\u00e4ites v\u00f5i meie veebisaidi kaudu meiega \u00fchendust v\u00f5ttes. 1.2 Automaatselt [&hellip;]","og_url":"https:\/\/meze.ee\/en\/privaatsuspoliitika\/","og_site_name":"Meze","article_publisher":"https:\/\/www.facebook.com\/mezeeesti\/","article_modified_time":"2024-12-03T18:09:02+00:00","og_image":[{"width":602,"height":282,"url":"https:\/\/meze.ee\/wp-content\/uploads\/2024\/01\/meze-logo.png","type":"image\/png"}],"twitter_card":"summary_large_image","twitter_misc":{"Est. reading time":"2 minutes"},"schema":{"@context":"https:\/\/schema.org","@graph":[{"@type":"WebPage","@id":"https:\/\/meze.ee\/privaatsuspoliitika\/","url":"https:\/\/meze.ee\/privaatsuspoliitika\/","name":"Privaatsuspoliitika | Meze","isPartOf":{"@id":"https:\/\/meze.ee\/#website"},"datePublished":"2024-01-22T12:48:54+00:00","dateModified":"2024-12-03T18:09:02+00:00","breadcrumb":{"@id":"https:\/\/meze.ee\/privaatsuspoliitika\/#breadcrumb"},"inLanguage":"en-US","potentialAction":[{"@type":"ReadAction","target":["https:\/\/meze.ee\/privaatsuspoliitika\/"]}]},{"@type":"BreadcrumbList","@id":"https:\/\/meze.ee\/privaatsuspoliitika\/#breadcrumb","itemListElement":[{"@type":"ListItem","position":1,"name":"Home","item":"https:\/\/meze.ee\/"},{"@type":"ListItem","position":2,"name":"Privaatsuspoliitika"}]},{"@type":"WebSite","@id":"https:\/\/meze.ee\/#website","url":"https:\/\/meze.ee\/","name":"Meze","description":"Parimad L&auml;his-Ida maitsed Sinu toidulaual","publisher":{"@id":"https:\/\/meze.ee\/#organization"},"alternateName":"Meze Eesti","potentialAction":[{"@type":"SearchAction","target":{"@type":"EntryPoint","urlTemplate":"https:\/\/meze.ee\/?s={search_term_string}"},"query-input":{"@type":"PropertyValueSpecification","valueRequired":true,"valueName":"search_term_string"}}],"inLanguage":"en-US"},{"@type":"Organization","@id":"https:\/\/meze.ee\/#organization","name":"Meze","alternateName":"Meze Eesti","url":"https:\/\/meze.ee\/","logo":{"@type":"ImageObject","inLanguage":"en-US","@id":"https:\/\/meze.ee\/#\/schema\/logo\/image\/","url":"https:\/\/meze.ee\/wp-content\/uploads\/2024\/01\/meze-logo.png","contentUrl":"https:\/\/meze.ee\/wp-content\/uploads\/2024\/01\/meze-logo.png","width":602,"height":282,"caption":"Meze"},"image":{"@id":"https:\/\/meze.ee\/#\/schema\/logo\/image\/"},"sameAs":["https:\/\/www.facebook.com\/mezeeesti\/"]}]}},"_links":{"self":[{"href":"https:\/\/meze.ee\/en\/wp-json\/wp\/v2\/pages\/3","targetHints":{"allow":["GET"]}}],"collection":[{"href":"https:\/\/meze.ee\/en\/wp-json\/wp\/v2\/pages"}],"about":[{"href":"https:\/\/meze.ee\/en\/wp-json\/wp\/v2\/types\/page"}],"author":[{"embeddable":true,"href":"https:\/\/meze.ee\/en\/wp-json\/wp\/v2\/users\/2"}],"replies":[{"embeddable":true,"href":"https:\/\/meze.ee\/en\/wp-json\/wp\/v2\/comments?post=3"}],"version-history":[{"count":0,"href":"https:\/\/meze.ee\/en\/wp-json\/wp\/v2\/pages\/3\/revisions"}],"wp:attachment":[{"href":"https:\/\/meze.ee\/en\/wp-json\/wp\/v2\/media?parent=3"}],"curies":[{"name":"wp","href":"https:\/\/api.w.org\/{rel}","templated":true}]}}