{"id":3532,"date":"2024-12-02T11:12:34","date_gmt":"2024-12-02T11:12:34","guid":{"rendered":"https:\/\/meze.ee\/?page_id=3532"},"modified":"2024-12-03T13:46:15","modified_gmt":"2024-12-03T13:46:15","slug":"telli-meze","status":"publish","type":"page","link":"https:\/\/meze.ee\/en\/telli-meze\/","title":{"rendered":"Order Meze"},"content":{"rendered":"<div data-elementor-type=\"wp-page\" data-elementor-id=\"3532\" class=\"elementor elementor-3532\" data-elementor-settings=\"{&quot;element_pack_global_tooltip_width&quot;:{&quot;unit&quot;:&quot;px&quot;,&quot;size&quot;:&quot;&quot;,&quot;sizes&quot;:[]},&quot;element_pack_global_tooltip_width_tablet&quot;:{&quot;unit&quot;:&quot;px&quot;,&quot;size&quot;:&quot;&quot;,&quot;sizes&quot;:[]},&quot;element_pack_global_tooltip_width_mobile&quot;:{&quot;unit&quot;:&quot;px&quot;,&quot;size&quot;:&quot;&quot;,&quot;sizes&quot;:[]},&quot;element_pack_global_tooltip_padding&quot;:{&quot;unit&quot;:&quot;px&quot;,&quot;top&quot;:&quot;&quot;,&quot;right&quot;:&quot;&quot;,&quot;bottom&quot;:&quot;&quot;,&quot;left&quot;:&quot;&quot;,&quot;isLinked&quot;:true},&quot;element_pack_global_tooltip_padding_tablet&quot;:{&quot;unit&quot;:&quot;px&quot;,&quot;top&quot;:&quot;&quot;,&quot;right&quot;:&quot;&quot;,&quot;bottom&quot;:&quot;&quot;,&quot;left&quot;:&quot;&quot;,&quot;isLinked&quot;:true},&quot;element_pack_global_tooltip_padding_mobile&quot;:{&quot;unit&quot;:&quot;px&quot;,&quot;top&quot;:&quot;&quot;,&quot;right&quot;:&quot;&quot;,&quot;bottom&quot;:&quot;&quot;,&quot;left&quot;:&quot;&quot;,&quot;isLinked&quot;:true},&quot;element_pack_global_tooltip_border_radius&quot;:{&quot;unit&quot;:&quot;px&quot;,&quot;top&quot;:&quot;&quot;,&quot;right&quot;:&quot;&quot;,&quot;bottom&quot;:&quot;&quot;,&quot;left&quot;:&quot;&quot;,&quot;isLinked&quot;:true},&quot;element_pack_global_tooltip_border_radius_tablet&quot;:{&quot;unit&quot;:&quot;px&quot;,&quot;top&quot;:&quot;&quot;,&quot;right&quot;:&quot;&quot;,&quot;bottom&quot;:&quot;&quot;,&quot;left&quot;:&quot;&quot;,&quot;isLinked&quot;:true},&quot;element_pack_global_tooltip_border_radius_mobile&quot;:{&quot;unit&quot;:&quot;px&quot;,&quot;top&quot;:&quot;&quot;,&quot;right&quot;:&quot;&quot;,&quot;bottom&quot;:&quot;&quot;,&quot;left&quot;:&quot;&quot;,&quot;isLinked&quot;:true}}\" data-elementor-post-type=\"page\">\n\t\t\t\t<div class=\"elementor-element elementor-element-f532ca5 e-flex e-con-boxed e-con e-parent\" data-id=\"f532ca5\" data-element_type=\"container\" data-settings=\"{&quot;background_background&quot;:&quot;classic&quot;}\">\n\t\t\t\t\t<div class=\"e-con-inner\">\n\t\t\t\t<div class=\"elementor-element elementor-element-f9e5e87 elementor-widget elementor-widget-heading\" data-id=\"f9e5e87\" data-element_type=\"widget\" data-widget_type=\"heading.default\">\n\t\t\t\t<div class=\"elementor-widget-container\">\n\t\t\t<h1 class=\"elementor-heading-title elementor-size-default\">Telli MEZE<\/h1>\t\t<\/div>\n\t\t\t\t<\/div>\n\t\t\t\t\t<\/div>\n\t\t\t\t<\/div>\n\t\t<div class=\"elementor-element elementor-element-791f5ea e-flex e-con-boxed e-con e-parent\" data-id=\"791f5ea\" data-element_type=\"container\">\n\t\t\t\t\t<div class=\"e-con-inner\">\n\t\t<div class=\"elementor-element elementor-element-46a07fc e-con-full e-flex e-con e-child\" data-id=\"46a07fc\" data-element_type=\"container\">\n\t\t\t\t<div class=\"elementor-element elementor-element-c1b784e elementor-widget elementor-widget-text-editor\" data-id=\"c1b784e\" data-element_type=\"widget\" data-widget_type=\"text-editor.default\">\n\t\t\t\t<div class=\"elementor-widget-container\">\n\t\t\t\t\t\t\t<p style=\"font-weight: 400;\">MEZE on rohkem kui vaid toit \u2013 see on s\u00f6\u00f6mise viis meeldivas seltskonnas, kus toitu jagades ja maitseid mitmekesistades loome unustamatuid hetki. P\u00f5nevad maitsed saad tellida ka oma s\u00fcnnip\u00e4evale, kontoril\u00f5unaks v\u00f5i lihtsalt m\u00f5nusale s\u00f5pradega koosviibimisele. Oleme sinu jaoks olemas Woltis ja Boltis, v\u00f5id helistada ette ja tulla ise j\u00e4rgi v\u00f5i panna suuremad tellimused teele l\u00e4bi men\u00fc\u00fc lehel oleva ostukorvi.<\/p>\t\t\t\t\t\t<\/div>\n\t\t\t\t<\/div>\n\t\t\t\t<div class=\"elementor-element elementor-element-895cb52 elementor-widget elementor-widget-button\" data-id=\"895cb52\" data-element_type=\"widget\" data-widget_type=\"button.default\">\n\t\t\t\t<div class=\"elementor-widget-container\">\n\t\t\t\t\t\t\t\t<a class=\"elementor-button elementor-button-link elementor-size-sm\" href=\"https:\/\/meze.ee\/en\/menuu\/\">\n\t\t\t\t\t\t<span class=\"elementor-button-content-wrapper\">\n\t\t\t\t\t\t\t\t\t<span class=\"elementor-button-text\">Saada p\u00e4ring meile<\/span>\n\t\t\t\t\t<\/span>\n\t\t\t\t\t<\/a>\n\t\t\t\t\t\t<\/div>\n\t\t\t\t<\/div>\n\t\t<div class=\"elementor-element elementor-element-56f6f94 e-con-full e-grid e-con e-child\" data-id=\"56f6f94\" data-element_type=\"container\">\n\t\t<div class=\"elementor-element elementor-element-0241b91 e-con-full e-flex e-con e-child\" data-id=\"0241b91\" data-element_type=\"container\">\n\t\t\t\t<div class=\"elementor-element elementor-element-5ea3e87 elementor-widget elementor-widget-heading\" data-id=\"5ea3e87\" data-element_type=\"widget\" data-widget_type=\"heading.default\">\n\t\t\t\t<div class=\"elementor-widget-container\">\n\t\t\t<h3 class=\"elementor-heading-title elementor-size-default\">Wolt<\/h3>\t\t<\/div>\n\t\t\t\t<\/div>\n\t\t\t\t<div class=\"elementor-element elementor-element-16be197 elementor-widget elementor-widget-button\" data-id=\"16be197\" data-element_type=\"widget\" data-widget_type=\"button.default\">\n\t\t\t\t<div class=\"elementor-widget-container\">\n\t\t\t\t\t\t\t\t<a class=\"elementor-button elementor-button-link elementor-size-sm\" href=\"https:\/\/wolt.com\/en\/est\/tallinn\/restaurant\/meze-viru-keskus\" target=\"_blank\">\n\t\t\t\t\t\t<span class=\"elementor-button-content-wrapper\">\n\t\t\t\t\t\t\t\t\t<span class=\"elementor-button-text\">Viru Keskus<\/span>\n\t\t\t\t\t<\/span>\n\t\t\t\t\t<\/a>\n\t\t\t\t\t\t<\/div>\n\t\t\t\t<\/div>\n\t\t\t\t<div class=\"elementor-element elementor-element-da717d7 elementor-widget elementor-widget-button\" data-id=\"da717d7\" data-element_type=\"widget\" data-widget_type=\"button.default\">\n\t\t\t\t<div class=\"elementor-widget-container\">\n\t\t\t\t\t\t\t\t<a class=\"elementor-button elementor-button-link elementor-size-sm\" href=\"https:\/\/wolt.com\/en\/est\/tallinn\/restaurant\/meze-krstne\" target=\"_blank\">\n\t\t\t\t\t\t<span class=\"elementor-button-content-wrapper\">\n\t\t\t\t\t\t\t\t\t<span class=\"elementor-button-text\">Kristiine Keskus<\/span>\n\t\t\t\t\t<\/span>\n\t\t\t\t\t<\/a>\n\t\t\t\t\t\t<\/div>\n\t\t\t\t<\/div>\n\t\t\t\t<div class=\"elementor-element elementor-element-6597262 elementor-widget elementor-widget-button\" data-id=\"6597262\" data-element_type=\"widget\" data-widget_type=\"button.default\">\n\t\t\t\t<div class=\"elementor-widget-container\">\n\t\t\t\t\t\t\t\t<a class=\"elementor-button elementor-button-link elementor-size-sm\" href=\"https:\/\/wolt.com\/en\/est\/tallinn\/restaurant\/meze-mustame\" target=\"_blank\">\n\t\t\t\t\t\t<span class=\"elementor-button-content-wrapper\">\n\t\t\t\t\t\t\t\t\t<span class=\"elementor-button-text\">Mustam\u00e4e Keskus<\/span>\n\t\t\t\t\t<\/span>\n\t\t\t\t\t<\/a>\n\t\t\t\t\t\t<\/div>\n\t\t\t\t<\/div>\n\t\t\t\t<div class=\"elementor-element elementor-element-cb4f854 elementor-widget elementor-widget-button\" data-id=\"cb4f854\" data-element_type=\"widget\" data-widget_type=\"button.default\">\n\t\t\t\t<div class=\"elementor-widget-container\">\n\t\t\t\t\t\t\t\t<a class=\"elementor-button elementor-button-link elementor-size-sm\" href=\"https:\/\/wolt.com\/en\/est\/tartu\/restaurant\/meze-kvartal\" target=\"_blank\">\n\t\t\t\t\t\t<span class=\"elementor-button-content-wrapper\">\n\t\t\t\t\t\t\t\t\t<span class=\"elementor-button-text\">Kvartal Keskus<\/span>\n\t\t\t\t\t<\/span>\n\t\t\t\t\t<\/a>\n\t\t\t\t\t\t<\/div>\n\t\t\t\t<\/div>\n\t\t\t\t<\/div>\n\t\t<div class=\"elementor-element elementor-element-1aa1c2c e-con-full e-flex e-con e-child\" data-id=\"1aa1c2c\" data-element_type=\"container\">\n\t\t\t\t<div class=\"elementor-element elementor-element-1a5e23e elementor-widget elementor-widget-heading\" data-id=\"1a5e23e\" data-element_type=\"widget\" data-widget_type=\"heading.default\">\n\t\t\t\t<div class=\"elementor-widget-container\">\n\t\t\t<h3 class=\"elementor-heading-title elementor-size-default\">Bolt Food<\/h3>\t\t<\/div>\n\t\t\t\t<\/div>\n\t\t\t\t<div class=\"elementor-element elementor-element-12e7ee1 elementor-widget elementor-widget-button\" data-id=\"12e7ee1\" data-element_type=\"widget\" data-widget_type=\"button.default\">\n\t\t\t\t<div class=\"elementor-widget-container\">\n\t\t\t\t\t\t\t\t<a class=\"elementor-button elementor-button-link elementor-size-sm\" href=\"https:\/\/food.bolt.eu\/et-EE\/1-tallinn\/p\/48287-meze-l%25C3%25A4his-ida-k%25C3%25B6%25C3%25B6k-viru-keskus\" target=\"_blank\">\n\t\t\t\t\t\t<span class=\"elementor-button-content-wrapper\">\n\t\t\t\t\t\t\t\t\t<span class=\"elementor-button-text\">Viru Keskus<\/span>\n\t\t\t\t\t<\/span>\n\t\t\t\t\t<\/a>\n\t\t\t\t\t\t<\/div>\n\t\t\t\t<\/div>\n\t\t\t\t<div class=\"elementor-element elementor-element-80af047 elementor-widget elementor-widget-button\" data-id=\"80af047\" data-element_type=\"widget\" data-widget_type=\"button.default\">\n\t\t\t\t<div class=\"elementor-widget-container\">\n\t\t\t\t\t\t\t\t<a class=\"elementor-button elementor-button-link elementor-size-sm\" href=\"https:\/\/food.bolt.eu\/et-EE\/1-tallinn\/p\/5310-meze-l%25C3%25A4his-ida-k%25C3%25B6%25C3%25B6k-kristiine\" target=\"_blank\">\n\t\t\t\t\t\t<span class=\"elementor-button-content-wrapper\">\n\t\t\t\t\t\t\t\t\t<span class=\"elementor-button-text\">Kristiine Keskus<\/span>\n\t\t\t\t\t<\/span>\n\t\t\t\t\t<\/a>\n\t\t\t\t\t\t<\/div>\n\t\t\t\t<\/div>\n\t\t\t\t<div class=\"elementor-element elementor-element-49a1649 elementor-widget elementor-widget-button\" data-id=\"49a1649\" data-element_type=\"widget\" data-widget_type=\"button.default\">\n\t\t\t\t<div class=\"elementor-widget-container\">\n\t\t\t\t\t\t\t\t<a class=\"elementor-button elementor-button-link elementor-size-sm\" href=\"https:\/\/food.bolt.eu\/et-EE\/1-tallinn\/p\/23984-meze-l%25C3%25A4his-ida-k%25C3%25B6%25C3%25B6k-mustam%25C3%25A4e-keskus\" target=\"_blank\">\n\t\t\t\t\t\t<span class=\"elementor-button-content-wrapper\">\n\t\t\t\t\t\t\t\t\t<span class=\"elementor-button-text\">Mustam\u00e4e Keskus<\/span>\n\t\t\t\t\t<\/span>\n\t\t\t\t\t<\/a>\n\t\t\t\t\t\t<\/div>\n\t\t\t\t<\/div>\n\t\t\t\t<div class=\"elementor-element elementor-element-e017000 elementor-widget elementor-widget-button\" data-id=\"e017000\" data-element_type=\"widget\" data-widget_type=\"button.default\">\n\t\t\t\t<div class=\"elementor-widget-container\">\n\t\t\t\t\t\t\t\t<a class=\"elementor-button elementor-button-link elementor-size-sm\" href=\"https:\/\/food.bolt.eu\/et-EE\/2-tartu\/p\/52633-meze-l%25C3%25A4his-ida-k%25C3%25B6%25C3%25B6k-kvartal\" target=\"_blank\">\n\t\t\t\t\t\t<span class=\"elementor-button-content-wrapper\">\n\t\t\t\t\t\t\t\t\t<span class=\"elementor-button-text\">Kvartal Keskus<\/span>\n\t\t\t\t\t<\/span>\n\t\t\t\t\t<\/a>\n\t\t\t\t\t\t<\/div>\n\t\t\t\t<\/div>\n\t\t\t\t<\/div>\n\t\t\t\t<\/div>\n\t\t\t\t<\/div>\n\t\t<div class=\"elementor-element elementor-element-7443fd8 e-con-full e-flex e-con e-child\" data-id=\"7443fd8\" data-element_type=\"container\">\n\t\t\t\t<div class=\"elementor-element elementor-element-32d3158 elementor-widget elementor-widget-image\" data-id=\"32d3158\" data-element_type=\"widget\" data-widget_type=\"image.default\">\n\t\t\t\t<div class=\"elementor-widget-container\">\n\t\t\t\t\t\t\t\t\t\t\t\t\t<img fetchpriority=\"high\" decoding=\"async\" width=\"2048\" height=\"1365\" src=\"https:\/\/meze.ee\/wp-content\/uploads\/2024\/12\/WXpNDwQv.webp\" class=\"attachment-full size-full wp-image-3544\" alt=\"\" srcset=\"https:\/\/meze.ee\/wp-content\/uploads\/2024\/12\/WXpNDwQv.webp 2048w, https:\/\/meze.ee\/wp-content\/uploads\/2024\/12\/WXpNDwQv-300x200.webp 300w, https:\/\/meze.ee\/wp-content\/uploads\/2024\/12\/WXpNDwQv-1024x683.webp 1024w, https:\/\/meze.ee\/wp-content\/uploads\/2024\/12\/WXpNDwQv-768x512.webp 768w, https:\/\/meze.ee\/wp-content\/uploads\/2024\/12\/WXpNDwQv-1536x1024.webp 1536w, https:\/\/meze.ee\/wp-content\/uploads\/2024\/12\/WXpNDwQv-18x12.webp 18w, https:\/\/meze.ee\/wp-content\/uploads\/2024\/12\/WXpNDwQv-150x100.webp 150w\" sizes=\"(max-width: 2048px) 100vw, 2048px\" \/>\t\t\t\t\t\t\t\t\t\t\t\t\t<\/div>\n\t\t\t\t<\/div>\n\t\t\t\t<\/div>\n\t\t\t\t\t<\/div>\n\t\t\t\t<\/div>\n\t\t\t\t<\/div>","protected":false},"excerpt":{"rendered":"<p>Telli MEZE MEZE on rohkem kui vaid toit \u2013 see on s\u00f6\u00f6mise viis meeldivas seltskonnas, kus toitu jagades ja maitseid mitmekesistades loome unustamatuid hetki. P\u00f5nevad maitsed saad tellida ka oma s\u00fcnnip\u00e4evale, kontoril\u00f5unaks v\u00f5i lihtsalt m\u00f5nusale s\u00f5pradega koosviibimisele. Oleme sinu jaoks olemas Woltis ja Boltis, v\u00f5id helistada ette ja tulla ise j\u00e4rgi v\u00f5i panna suuremad tellimused [&hellip;]<\/p>","protected":false},"author":2,"featured_media":0,"parent":0,"menu_order":0,"comment_status":"closed","ping_status":"closed","template":"","meta":{"footnotes":""},"class_list":["post-3532","page","type-page","status-publish","hentry"],"yoast_head":"<!-- This site is optimized with the Yoast SEO plugin v24.0 - https:\/\/yoast.com\/wordpress\/plugins\/seo\/ -->\n<title>Telli Meze | Meze<\/title>\n<meta name=\"robots\" content=\"index, follow, max-snippet:-1, max-image-preview:large, max-video-preview:-1\" \/>\n<link rel=\"canonical\" href=\"https:\/\/meze.ee\/en\/telli-meze\/\" \/>\n<meta property=\"og:locale\" content=\"en_US\" \/>\n<meta property=\"og:type\" content=\"article\" \/>\n<meta property=\"og:title\" content=\"Telli Meze | Meze\" \/>\n<meta property=\"og:description\" content=\"Telli MEZE MEZE on rohkem kui vaid toit \u2013 see on s\u00f6\u00f6mise viis meeldivas seltskonnas, kus toitu jagades ja maitseid mitmekesistades loome unustamatuid hetki. P\u00f5nevad maitsed saad tellida ka oma s\u00fcnnip\u00e4evale, kontoril\u00f5unaks v\u00f5i lihtsalt m\u00f5nusale s\u00f5pradega koosviibimisele. Oleme sinu jaoks olemas Woltis ja Boltis, v\u00f5id helistada ette ja tulla ise j\u00e4rgi v\u00f5i panna suuremad tellimused [&hellip;]\" \/>\n<meta property=\"og:url\" content=\"https:\/\/meze.ee\/en\/telli-meze\/\" \/>\n<meta property=\"og:site_name\" content=\"Meze\" \/>\n<meta property=\"article:publisher\" content=\"https:\/\/www.facebook.com\/mezeeesti\/\" \/>\n<meta property=\"article:modified_time\" content=\"2024-12-03T13:46:15+00:00\" \/>\n<meta property=\"og:image\" content=\"https:\/\/meze.ee\/wp-content\/uploads\/2024\/12\/WXpNDwQv.webp\" \/>\n\t<meta property=\"og:image:width\" content=\"2048\" \/>\n\t<meta property=\"og:image:height\" content=\"1365\" \/>\n\t<meta property=\"og:image:type\" content=\"image\/webp\" \/>\n<meta name=\"twitter:card\" content=\"summary_large_image\" \/>\n<meta name=\"twitter:label1\" content=\"Est. reading time\" \/>\n\t<meta name=\"twitter:data1\" content=\"1 minute\" \/>\n<script type=\"application\/ld+json\" class=\"yoast-schema-graph\">{\"@context\":\"https:\/\/schema.org\",\"@graph\":[{\"@type\":\"WebPage\",\"@id\":\"https:\/\/meze.ee\/telli-meze\/\",\"url\":\"https:\/\/meze.ee\/telli-meze\/\",\"name\":\"Telli Meze | Meze\",\"isPartOf\":{\"@id\":\"https:\/\/meze.ee\/#website\"},\"primaryImageOfPage\":{\"@id\":\"https:\/\/meze.ee\/telli-meze\/#primaryimage\"},\"image\":{\"@id\":\"https:\/\/meze.ee\/telli-meze\/#primaryimage\"},\"thumbnailUrl\":\"https:\/\/meze.ee\/wp-content\/uploads\/2024\/12\/WXpNDwQv.webp\",\"datePublished\":\"2024-12-02T11:12:34+00:00\",\"dateModified\":\"2024-12-03T13:46:15+00:00\",\"breadcrumb\":{\"@id\":\"https:\/\/meze.ee\/telli-meze\/#breadcrumb\"},\"inLanguage\":\"en-US\",\"potentialAction\":[{\"@type\":\"ReadAction\",\"target\":[\"https:\/\/meze.ee\/telli-meze\/\"]}]},{\"@type\":\"ImageObject\",\"inLanguage\":\"en-US\",\"@id\":\"https:\/\/meze.ee\/telli-meze\/#primaryimage\",\"url\":\"https:\/\/meze.ee\/wp-content\/uploads\/2024\/12\/WXpNDwQv.webp\",\"contentUrl\":\"https:\/\/meze.ee\/wp-content\/uploads\/2024\/12\/WXpNDwQv.webp\"},{\"@type\":\"BreadcrumbList\",\"@id\":\"https:\/\/meze.ee\/telli-meze\/#breadcrumb\",\"itemListElement\":[{\"@type\":\"ListItem\",\"position\":1,\"name\":\"Home\",\"item\":\"https:\/\/meze.ee\/\"},{\"@type\":\"ListItem\",\"position\":2,\"name\":\"Telli Meze\"}]},{\"@type\":\"WebSite\",\"@id\":\"https:\/\/meze.ee\/#website\",\"url\":\"https:\/\/meze.ee\/\",\"name\":\"Meze\",\"description\":\"Parimad L&auml;his-Ida maitsed Sinu toidulaual\",\"publisher\":{\"@id\":\"https:\/\/meze.ee\/#organization\"},\"alternateName\":\"Meze Eesti\",\"potentialAction\":[{\"@type\":\"SearchAction\",\"target\":{\"@type\":\"EntryPoint\",\"urlTemplate\":\"https:\/\/meze.ee\/?s={search_term_string}\"},\"query-input\":{\"@type\":\"PropertyValueSpecification\",\"valueRequired\":true,\"valueName\":\"search_term_string\"}}],\"inLanguage\":\"en-US\"},{\"@type\":\"Organization\",\"@id\":\"https:\/\/meze.ee\/#organization\",\"name\":\"Meze\",\"alternateName\":\"Meze Eesti\",\"url\":\"https:\/\/meze.ee\/\",\"logo\":{\"@type\":\"ImageObject\",\"inLanguage\":\"en-US\",\"@id\":\"https:\/\/meze.ee\/#\/schema\/logo\/image\/\",\"url\":\"https:\/\/meze.ee\/wp-content\/uploads\/2024\/01\/meze-logo.png\",\"contentUrl\":\"https:\/\/meze.ee\/wp-content\/uploads\/2024\/01\/meze-logo.png\",\"width\":602,\"height\":282,\"caption\":\"Meze\"},\"image\":{\"@id\":\"https:\/\/meze.ee\/#\/schema\/logo\/image\/\"},\"sameAs\":[\"https:\/\/www.facebook.com\/mezeeesti\/\"]}]}<\/script>\n<!-- \/ Yoast SEO plugin. -->","yoast_head_json":{"title":"Telli Meze | Meze","robots":{"index":"index","follow":"follow","max-snippet":"max-snippet:-1","max-image-preview":"max-image-preview:large","max-video-preview":"max-video-preview:-1"},"canonical":"https:\/\/meze.ee\/en\/telli-meze\/","og_locale":"en_US","og_type":"article","og_title":"Telli Meze | Meze","og_description":"Telli MEZE MEZE on rohkem kui vaid toit \u2013 see on s\u00f6\u00f6mise viis meeldivas seltskonnas, kus toitu jagades ja maitseid mitmekesistades loome unustamatuid hetki. P\u00f5nevad maitsed saad tellida ka oma s\u00fcnnip\u00e4evale, kontoril\u00f5unaks v\u00f5i lihtsalt m\u00f5nusale s\u00f5pradega koosviibimisele. Oleme sinu jaoks olemas Woltis ja Boltis, v\u00f5id helistada ette ja tulla ise j\u00e4rgi v\u00f5i panna suuremad tellimused [&hellip;]","og_url":"https:\/\/meze.ee\/en\/telli-meze\/","og_site_name":"Meze","article_publisher":"https:\/\/www.facebook.com\/mezeeesti\/","article_modified_time":"2024-12-03T13:46:15+00:00","og_image":[{"width":2048,"height":1365,"url":"https:\/\/meze.ee\/wp-content\/uploads\/2024\/12\/WXpNDwQv.webp","type":"image\/webp"}],"twitter_card":"summary_large_image","twitter_misc":{"Est. reading time":"1 minute"},"schema":{"@context":"https:\/\/schema.org","@graph":[{"@type":"WebPage","@id":"https:\/\/meze.ee\/telli-meze\/","url":"https:\/\/meze.ee\/telli-meze\/","name":"Telli Meze | Meze","isPartOf":{"@id":"https:\/\/meze.ee\/#website"},"primaryImageOfPage":{"@id":"https:\/\/meze.ee\/telli-meze\/#primaryimage"},"image":{"@id":"https:\/\/meze.ee\/telli-meze\/#primaryimage"},"thumbnailUrl":"https:\/\/meze.ee\/wp-content\/uploads\/2024\/12\/WXpNDwQv.webp","datePublished":"2024-12-02T11:12:34+00:00","dateModified":"2024-12-03T13:46:15+00:00","breadcrumb":{"@id":"https:\/\/meze.ee\/telli-meze\/#breadcrumb"},"inLanguage":"en-US","potentialAction":[{"@type":"ReadAction","target":["https:\/\/meze.ee\/telli-meze\/"]}]},{"@type":"ImageObject","inLanguage":"en-US","@id":"https:\/\/meze.ee\/telli-meze\/#primaryimage","url":"https:\/\/meze.ee\/wp-content\/uploads\/2024\/12\/WXpNDwQv.webp","contentUrl":"https:\/\/meze.ee\/wp-content\/uploads\/2024\/12\/WXpNDwQv.webp"},{"@type":"BreadcrumbList","@id":"https:\/\/meze.ee\/telli-meze\/#breadcrumb","itemListElement":[{"@type":"ListItem","position":1,"name":"Home","item":"https:\/\/meze.ee\/"},{"@type":"ListItem","position":2,"name":"Telli Meze"}]},{"@type":"WebSite","@id":"https:\/\/meze.ee\/#website","url":"https:\/\/meze.ee\/","name":"Meze","description":"Parimad L&auml;his-Ida maitsed Sinu toidulaual","publisher":{"@id":"https:\/\/meze.ee\/#organization"},"alternateName":"Meze Eesti","potentialAction":[{"@type":"SearchAction","target":{"@type":"EntryPoint","urlTemplate":"https:\/\/meze.ee\/?s={search_term_string}"},"query-input":{"@type":"PropertyValueSpecification","valueRequired":true,"valueName":"search_term_string"}}],"inLanguage":"en-US"},{"@type":"Organization","@id":"https:\/\/meze.ee\/#organization","name":"Meze","alternateName":"Meze Eesti","url":"https:\/\/meze.ee\/","logo":{"@type":"ImageObject","inLanguage":"en-US","@id":"https:\/\/meze.ee\/#\/schema\/logo\/image\/","url":"https:\/\/meze.ee\/wp-content\/uploads\/2024\/01\/meze-logo.png","contentUrl":"https:\/\/meze.ee\/wp-content\/uploads\/2024\/01\/meze-logo.png","width":602,"height":282,"caption":"Meze"},"image":{"@id":"https:\/\/meze.ee\/#\/schema\/logo\/image\/"},"sameAs":["https:\/\/www.facebook.com\/mezeeesti\/"]}]}},"_links":{"self":[{"href":"https:\/\/meze.ee\/en\/wp-json\/wp\/v2\/pages\/3532","targetHints":{"allow":["GET"]}}],"collection":[{"href":"https:\/\/meze.ee\/en\/wp-json\/wp\/v2\/pages"}],"about":[{"href":"https:\/\/meze.ee\/en\/wp-json\/wp\/v2\/types\/page"}],"author":[{"embeddable":true,"href":"https:\/\/meze.ee\/en\/wp-json\/wp\/v2\/users\/2"}],"replies":[{"embeddable":true,"href":"https:\/\/meze.ee\/en\/wp-json\/wp\/v2\/comments?post=3532"}],"version-history":[{"count":0,"href":"https:\/\/meze.ee\/en\/wp-json\/wp\/v2\/pages\/3532\/revisions"}],"wp:attachment":[{"href":"https:\/\/meze.ee\/en\/wp-json\/wp\/v2\/media?parent=3532"}],"curies":[{"name":"wp","href":"https:\/\/api.w.org\/{rel}","templated":true}]}}