{"id":2578,"date":"2024-04-01T19:05:42","date_gmt":"2024-04-01T19:05:42","guid":{"rendered":"https:\/\/meze.ee\/?post_type=product&#038;p=2578"},"modified":"2025-12-16T08:48:43","modified_gmt":"2025-12-16T08:48:43","slug":"fit-halloumi-kauss","status":"publish","type":"product","link":"https:\/\/meze.ee\/en\/product\/fit-halloumi-kauss\/","title":{"rendered":"Fit Halloumi Kauss"},"content":{"rendered":"<p>370 kcal &#8211; halloumi, \u00fcrdihummus, peedi labneh, tomat, marineeritud v\u00e4rske kurk, coleslaw salat, marineeritud daikon, v\u00fcrtsikurk, zaatar maitseaine, bulgur<\/p>","protected":false},"excerpt":{"rendered":"<p>370 kcal &#8211; halloumi, \u00fcrdihummus, peedi labneh, tomat, marineeritud v\u00e4rske kurk, coleslaw salat, marineeritud daikon, v\u00fcrtsikurk, zaatar maitseaine, bulgur<\/p>","protected":false},"featured_media":3819,"template":"","meta":[],"product_cat":[54],"product_tag":[],"class_list":{"0":"post-2578","1":"product","2":"type-product","3":"status-publish","4":"has-post-thumbnail","6":"product_cat-kausid","8":"first","9":"instock","10":"shipping-taxable","11":"purchasable","12":"product-type-simple"},"yoast_head":"<!-- This site is optimized with the Yoast SEO plugin v24.0 - https:\/\/yoast.com\/wordpress\/plugins\/seo\/ -->\n<title>Fit Halloumi Kauss | Meze<\/title>\n<meta name=\"description\" content=\"370 kcal - halloumi, \u00fcrdihummus, peedi labneh, tomat, marineeritud v\u00e4rske kurk, coleslaw salat, marineeritud daikon, v\u00fcrtsikurk, zaatar maitseaine, bulgur\" \/>\n<meta name=\"robots\" content=\"index, follow, max-snippet:-1, max-image-preview:large, max-video-preview:-1\" \/>\n<link rel=\"canonical\" href=\"https:\/\/meze.ee\/en\/product\/fit-halloumi-kauss\/\" \/>\n<meta property=\"og:locale\" content=\"en_US\" \/>\n<meta property=\"og:type\" content=\"article\" \/>\n<meta property=\"og:title\" content=\"Fit Halloumi Kauss | Meze\" \/>\n<meta property=\"og:description\" content=\"370 kcal - halloumi, \u00fcrdihummus, peedi labneh, tomat, marineeritud v\u00e4rske kurk, coleslaw salat, marineeritud daikon, v\u00fcrtsikurk, zaatar maitseaine, bulgur\" \/>\n<meta property=\"og:url\" content=\"https:\/\/meze.ee\/en\/product\/fit-halloumi-kauss\/\" \/>\n<meta property=\"og:site_name\" content=\"Meze\" \/>\n<meta property=\"article:publisher\" content=\"https:\/\/www.facebook.com\/mezeeesti\/\" \/>\n<meta property=\"article:modified_time\" content=\"2025-12-16T08:48:43+00:00\" \/>\n<meta property=\"og:image\" content=\"https:\/\/meze.ee\/wp-content\/uploads\/2024\/04\/fit-halloumi-1024x1019.png\" \/>\n\t<meta property=\"og:image:width\" content=\"1024\" \/>\n\t<meta property=\"og:image:height\" content=\"1019\" \/>\n\t<meta property=\"og:image:type\" content=\"image\/png\" \/>\n<meta name=\"twitter:card\" content=\"summary_large_image\" \/>\n<meta name=\"twitter:label1\" content=\"Est. reading time\" \/>\n\t<meta name=\"twitter:data1\" content=\"1 minute\" \/>\n<script type=\"application\/ld+json\" class=\"yoast-schema-graph\">{\"@context\":\"https:\/\/schema.org\",\"@graph\":[{\"@type\":\"WebPage\",\"@id\":\"https:\/\/meze.ee\/toode\/fit-halloumi-kauss\/\",\"url\":\"https:\/\/meze.ee\/toode\/fit-halloumi-kauss\/\",\"name\":\"Fit Halloumi Kauss | Meze\",\"isPartOf\":{\"@id\":\"https:\/\/meze.ee\/#website\"},\"primaryImageOfPage\":{\"@id\":\"https:\/\/meze.ee\/toode\/fit-halloumi-kauss\/#primaryimage\"},\"image\":{\"@id\":\"https:\/\/meze.ee\/toode\/fit-halloumi-kauss\/#primaryimage\"},\"thumbnailUrl\":\"https:\/\/meze.ee\/wp-content\/uploads\/2024\/04\/fit-halloumi-scaled.png\",\"datePublished\":\"2024-04-01T19:05:42+00:00\",\"dateModified\":\"2025-12-16T08:48:43+00:00\",\"description\":\"370 kcal - halloumi, \u00fcrdihummus, peedi labneh, tomat, marineeritud v\u00e4rske kurk, coleslaw salat, marineeritud daikon, v\u00fcrtsikurk, zaatar maitseaine, bulgur\",\"breadcrumb\":{\"@id\":\"https:\/\/meze.ee\/toode\/fit-halloumi-kauss\/#breadcrumb\"},\"inLanguage\":\"en-US\",\"potentialAction\":[{\"@type\":\"ReadAction\",\"target\":[\"https:\/\/meze.ee\/toode\/fit-halloumi-kauss\/\"]}]},{\"@type\":\"ImageObject\",\"inLanguage\":\"en-US\",\"@id\":\"https:\/\/meze.ee\/toode\/fit-halloumi-kauss\/#primaryimage\",\"url\":\"https:\/\/meze.ee\/wp-content\/uploads\/2024\/04\/fit-halloumi-scaled.png\",\"contentUrl\":\"https:\/\/meze.ee\/wp-content\/uploads\/2024\/04\/fit-halloumi-scaled.png\",\"width\":2560,\"height\":2548},{\"@type\":\"BreadcrumbList\",\"@id\":\"https:\/\/meze.ee\/toode\/fit-halloumi-kauss\/#breadcrumb\",\"itemListElement\":[{\"@type\":\"ListItem\",\"position\":1,\"name\":\"Home\",\"item\":\"https:\/\/meze.ee\/\"},{\"@type\":\"ListItem\",\"position\":2,\"name\":\"Tooted\",\"item\":\"https:\/\/meze.ee\/shop\/\"},{\"@type\":\"ListItem\",\"position\":3,\"name\":\"Fit Halloumi Kauss\"}]},{\"@type\":\"WebSite\",\"@id\":\"https:\/\/meze.ee\/#website\",\"url\":\"https:\/\/meze.ee\/\",\"name\":\"Meze\",\"description\":\"Parimad L&auml;his-Ida maitsed Sinu toidulaual\",\"publisher\":{\"@id\":\"https:\/\/meze.ee\/#organization\"},\"alternateName\":\"Meze Eesti\",\"potentialAction\":[{\"@type\":\"SearchAction\",\"target\":{\"@type\":\"EntryPoint\",\"urlTemplate\":\"https:\/\/meze.ee\/?s={search_term_string}\"},\"query-input\":{\"@type\":\"PropertyValueSpecification\",\"valueRequired\":true,\"valueName\":\"search_term_string\"}}],\"inLanguage\":\"en-US\"},{\"@type\":\"Organization\",\"@id\":\"https:\/\/meze.ee\/#organization\",\"name\":\"Meze\",\"alternateName\":\"Meze Eesti\",\"url\":\"https:\/\/meze.ee\/\",\"logo\":{\"@type\":\"ImageObject\",\"inLanguage\":\"en-US\",\"@id\":\"https:\/\/meze.ee\/#\/schema\/logo\/image\/\",\"url\":\"https:\/\/meze.ee\/wp-content\/uploads\/2024\/01\/meze-logo.png\",\"contentUrl\":\"https:\/\/meze.ee\/wp-content\/uploads\/2024\/01\/meze-logo.png\",\"width\":602,\"height\":282,\"caption\":\"Meze\"},\"image\":{\"@id\":\"https:\/\/meze.ee\/#\/schema\/logo\/image\/\"},\"sameAs\":[\"https:\/\/www.facebook.com\/mezeeesti\/\"]}]}<\/script>\n<!-- \/ Yoast SEO plugin. -->","yoast_head_json":{"title":"Fit Halloumi Kauss | Meze","description":"370 kcal - halloumi, \u00fcrdihummus, peedi labneh, tomat, marineeritud v\u00e4rske kurk, coleslaw salat, marineeritud daikon, v\u00fcrtsikurk, zaatar maitseaine, bulgur","robots":{"index":"index","follow":"follow","max-snippet":"max-snippet:-1","max-image-preview":"max-image-preview:large","max-video-preview":"max-video-preview:-1"},"canonical":"https:\/\/meze.ee\/en\/product\/fit-halloumi-kauss\/","og_locale":"en_US","og_type":"article","og_title":"Fit Halloumi Kauss | Meze","og_description":"370 kcal - halloumi, \u00fcrdihummus, peedi labneh, tomat, marineeritud v\u00e4rske kurk, coleslaw salat, marineeritud daikon, v\u00fcrtsikurk, zaatar maitseaine, bulgur","og_url":"https:\/\/meze.ee\/en\/product\/fit-halloumi-kauss\/","og_site_name":"Meze","article_publisher":"https:\/\/www.facebook.com\/mezeeesti\/","article_modified_time":"2025-12-16T08:48:43+00:00","og_image":[{"width":1024,"height":1019,"url":"https:\/\/meze.ee\/wp-content\/uploads\/2024\/04\/fit-halloumi-1024x1019.png","type":"image\/png"}],"twitter_card":"summary_large_image","twitter_misc":{"Est. reading time":"1 minute"},"schema":{"@context":"https:\/\/schema.org","@graph":[{"@type":"WebPage","@id":"https:\/\/meze.ee\/toode\/fit-halloumi-kauss\/","url":"https:\/\/meze.ee\/toode\/fit-halloumi-kauss\/","name":"Fit Halloumi Kauss | Meze","isPartOf":{"@id":"https:\/\/meze.ee\/#website"},"primaryImageOfPage":{"@id":"https:\/\/meze.ee\/toode\/fit-halloumi-kauss\/#primaryimage"},"image":{"@id":"https:\/\/meze.ee\/toode\/fit-halloumi-kauss\/#primaryimage"},"thumbnailUrl":"https:\/\/meze.ee\/wp-content\/uploads\/2024\/04\/fit-halloumi-scaled.png","datePublished":"2024-04-01T19:05:42+00:00","dateModified":"2025-12-16T08:48:43+00:00","description":"370 kcal - halloumi, \u00fcrdihummus, peedi labneh, tomat, marineeritud v\u00e4rske kurk, coleslaw salat, marineeritud daikon, v\u00fcrtsikurk, zaatar maitseaine, bulgur","breadcrumb":{"@id":"https:\/\/meze.ee\/toode\/fit-halloumi-kauss\/#breadcrumb"},"inLanguage":"en-US","potentialAction":[{"@type":"ReadAction","target":["https:\/\/meze.ee\/toode\/fit-halloumi-kauss\/"]}]},{"@type":"ImageObject","inLanguage":"en-US","@id":"https:\/\/meze.ee\/toode\/fit-halloumi-kauss\/#primaryimage","url":"https:\/\/meze.ee\/wp-content\/uploads\/2024\/04\/fit-halloumi-scaled.png","contentUrl":"https:\/\/meze.ee\/wp-content\/uploads\/2024\/04\/fit-halloumi-scaled.png","width":2560,"height":2548},{"@type":"BreadcrumbList","@id":"https:\/\/meze.ee\/toode\/fit-halloumi-kauss\/#breadcrumb","itemListElement":[{"@type":"ListItem","position":1,"name":"Home","item":"https:\/\/meze.ee\/"},{"@type":"ListItem","position":2,"name":"Tooted","item":"https:\/\/meze.ee\/shop\/"},{"@type":"ListItem","position":3,"name":"Fit Halloumi Kauss"}]},{"@type":"WebSite","@id":"https:\/\/meze.ee\/#website","url":"https:\/\/meze.ee\/","name":"Meze","description":"Parimad L&auml;his-Ida maitsed Sinu toidulaual","publisher":{"@id":"https:\/\/meze.ee\/#organization"},"alternateName":"Meze Eesti","potentialAction":[{"@type":"SearchAction","target":{"@type":"EntryPoint","urlTemplate":"https:\/\/meze.ee\/?s={search_term_string}"},"query-input":{"@type":"PropertyValueSpecification","valueRequired":true,"valueName":"search_term_string"}}],"inLanguage":"en-US"},{"@type":"Organization","@id":"https:\/\/meze.ee\/#organization","name":"Meze","alternateName":"Meze Eesti","url":"https:\/\/meze.ee\/","logo":{"@type":"ImageObject","inLanguage":"en-US","@id":"https:\/\/meze.ee\/#\/schema\/logo\/image\/","url":"https:\/\/meze.ee\/wp-content\/uploads\/2024\/01\/meze-logo.png","contentUrl":"https:\/\/meze.ee\/wp-content\/uploads\/2024\/01\/meze-logo.png","width":602,"height":282,"caption":"Meze"},"image":{"@id":"https:\/\/meze.ee\/#\/schema\/logo\/image\/"},"sameAs":["https:\/\/www.facebook.com\/mezeeesti\/"]}]}},"_links":{"self":[{"href":"https:\/\/meze.ee\/en\/wp-json\/wp\/v2\/product\/2578","targetHints":{"allow":["GET"]}}],"collection":[{"href":"https:\/\/meze.ee\/en\/wp-json\/wp\/v2\/product"}],"about":[{"href":"https:\/\/meze.ee\/en\/wp-json\/wp\/v2\/types\/product"}],"wp:featuredmedia":[{"embeddable":true,"href":"https:\/\/meze.ee\/en\/wp-json\/wp\/v2\/media\/3819"}],"wp:attachment":[{"href":"https:\/\/meze.ee\/en\/wp-json\/wp\/v2\/media?parent=2578"}],"wp:term":[{"taxonomy":"product_cat","embeddable":true,"href":"https:\/\/meze.ee\/en\/wp-json\/wp\/v2\/product_cat?post=2578"},{"taxonomy":"product_tag","embeddable":true,"href":"https:\/\/meze.ee\/en\/wp-json\/wp\/v2\/product_tag?post=2578"}],"curies":[{"name":"wp","href":"https:\/\/api.w.org\/{rel}","templated":true}]}}